{"id":14,"date":"2025-03-07T16:25:12","date_gmt":"2025-03-07T16:25:12","guid":{"rendered":"https:\/\/gpogoss.com.mx\/?page_id=14"},"modified":"2025-03-07T22:55:56","modified_gmt":"2025-03-07T22:55:56","slug":"servicios","status":"publish","type":"page","link":"https:\/\/gpogoss.com.mx\/index.php\/servicios\/","title":{"rendered":"Servicios"},"content":{"rendered":"\n<p style=\"font-size:clamp(14px, 0.875rem + ((1vw - 3.2px) * 0.156), 16px);\">Estamos comprometidos a proteger la seguridad de nuestros clientes en el \u00e1mbito laboral, fiscal y administrativo, brind\u00e1ndoles asesor\u00edas seguras y alternativas que les permitan concretar sus esfuerzos en la raz\u00f3n de ser de su propio negocio.<\/p>\n\n\n\n<p style=\"font-size:clamp(14px, 0.875rem + ((1vw - 3.2px) * 0.156), 16px);\">Desarrollamos opciones de subcontrataci\u00f3n para que enfoque su energ\u00eda exclusivamente en el rubro de su empresa. Lo m\u00e1s importante para nuestra compa\u00f1\u00eda es hacer crecer su negocio mejorando su posici\u00f3n financiera y optimizando tiempos de operaci\u00f3n hacia su \u00e9xito empresarial.<\/p>\n\n\n\n<div class=\"wp-block-stackable-columns stk-block-columns stk-block stk-b8a7fab\" data-block-id=\"b8a7fab\"><div class=\"stk-row stk-inner-blocks stk-block-content stk-content-align stk-b8a7fab-column\">\n<div class=\"wp-block-stackable-column stk-block-column stk-column stk-block stk-eab71ec\" data-v=\"4\" data-block-id=\"eab71ec\"><div class=\"stk-column-wrapper stk-block-column__content stk-container stk-eab71ec-container stk--no-background stk--no-padding\"><div class=\"stk-block-content stk-inner-blocks stk-eab71ec-inner-blocks\">\n<p><strong>Empresarial como tu Aliado<\/strong><\/p>\n\n\n\n<ul class=\"wp-block-list\">\n<li>Evita la carga administrativa y de recursos humanos de estas \u00e1reas, incluyendo reclutamiento, selecci\u00f3n de personal, n\u00f3mina, capacitaci\u00f3n, etc.<\/li>\n\n\n\n<li>Total flexibilidad en las \u00e1reas de soporte tercerizadas.<\/li>\n\n\n\n<li>Sin costos ocultos ni adicionales.<\/li>\n\n\n\n<li>Procesos de eficiencia dentro de tu empresa.<\/li>\n<\/ul>\n<\/div><\/div><\/div>\n\n\n\n<div class=\"wp-block-stackable-column stk-block-column stk-column stk-block stk-3fbe2a0\" data-v=\"4\" data-block-id=\"3fbe2a0\"><div class=\"stk-column-wrapper stk-block-column__content stk-container stk-3fbe2a0-container stk--no-background stk--no-padding\"><div class=\"stk-block-content stk-inner-blocks stk-3fbe2a0-inner-blocks\">\n<figure class=\"wp-block-image size-large\"><img loading=\"lazy\" decoding=\"async\" width=\"1024\" height=\"576\" src=\"https:\/\/gpogoss.com.mx\/wp-content\/uploads\/2025\/03\/image-2-1024x576.png\" alt=\"\" class=\"wp-image-62\" srcset=\"https:\/\/gpogoss.com.mx\/wp-content\/uploads\/2025\/03\/image-2-1024x576.png 1024w, https:\/\/gpogoss.com.mx\/wp-content\/uploads\/2025\/03\/image-2-300x169.png 300w, https:\/\/gpogoss.com.mx\/wp-content\/uploads\/2025\/03\/image-2-768x432.png 768w, https:\/\/gpogoss.com.mx\/wp-content\/uploads\/2025\/03\/image-2-1536x864.png 1536w, https:\/\/gpogoss.com.mx\/wp-content\/uploads\/2025\/03\/image-2.png 2048w\" sizes=\"auto, (max-width: 1024px) 100vw, 1024px\" \/><\/figure>\n<\/div><\/div><\/div>\n\n\n\n<div class=\"wp-block-stackable-column stk-block-column stk-column stk-block stk-b116f63\" data-v=\"4\" data-block-id=\"b116f63\"><div class=\"stk-column-wrapper stk-block-column__content stk-container stk-b116f63-container stk--no-background stk--no-padding\"><div class=\"stk-block-content stk-inner-blocks stk-b116f63-inner-blocks\">\n<p><strong>\u00c1reas principales que puedes tercerizar o \u00e1reas para outsourcear:<\/strong><\/p>\n\n\n\n<ul class=\"wp-block-list\">\n<li>Recursos Humanos<\/li>\n\n\n\n<li>Administraci\u00f3n<\/li>\n\n\n\n<li>Finanzas<\/li>\n\n\n\n<li>Facturaci\u00f3n<\/li>\n\n\n\n<li>Archivo<\/li>\n\n\n\n<li>Servicio al Cliente<\/li>\n\n\n\n<li>Contabilidad<\/li>\n\n\n\n<li>Cr\u00e9dito y Cobranza<\/li>\n\n\n\n<li>Marketing<\/li>\n\n\n\n<li>Ventas<\/li>\n\n\n\n<li>Tecnolog\u00eda de la Informaci\u00f3n<\/li>\n<\/ul>\n<\/div><\/div><\/div>\n<\/div><\/div>\n","protected":false},"excerpt":{"rendered":"<p>Estamos comprometidos a proteger la seguridad de nuestros clientes en el \u00e1mbito laboral, fiscal y administrativo, brind\u00e1ndoles asesor\u00edas seguras y alternativas que les permitan concretar sus esfuerzos en la raz\u00f3n de ser de su propio negocio. Desarrollamos opciones de subcontrataci\u00f3n para que enfoque su energ\u00eda exclusivamente en el rubro de su empresa. Lo m\u00e1s importante [&hellip;]<\/p>\n","protected":false},"author":1,"featured_media":0,"parent":0,"menu_order":0,"comment_status":"closed","ping_status":"closed","template":"","meta":{"footnotes":""},"class_list":["post-14","page","type-page","status-publish","hentry"],"blocksy_meta":[],"_links":{"self":[{"href":"https:\/\/gpogoss.com.mx\/index.php\/wp-json\/wp\/v2\/pages\/14","targetHints":{"allow":["GET"]}}],"collection":[{"href":"https:\/\/gpogoss.com.mx\/index.php\/wp-json\/wp\/v2\/pages"}],"about":[{"href":"https:\/\/gpogoss.com.mx\/index.php\/wp-json\/wp\/v2\/types\/page"}],"author":[{"embeddable":true,"href":"https:\/\/gpogoss.com.mx\/index.php\/wp-json\/wp\/v2\/users\/1"}],"replies":[{"embeddable":true,"href":"https:\/\/gpogoss.com.mx\/index.php\/wp-json\/wp\/v2\/comments?post=14"}],"version-history":[{"count":5,"href":"https:\/\/gpogoss.com.mx\/index.php\/wp-json\/wp\/v2\/pages\/14\/revisions"}],"predecessor-version":[{"id":64,"href":"https:\/\/gpogoss.com.mx\/index.php\/wp-json\/wp\/v2\/pages\/14\/revisions\/64"}],"wp:attachment":[{"href":"https:\/\/gpogoss.com.mx\/index.php\/wp-json\/wp\/v2\/media?parent=14"}],"curies":[{"name":"wp","href":"https:\/\/api.w.org\/{rel}","templated":true}]}}